{"id":4396,"date":"2024-05-08T15:35:48","date_gmt":"2024-05-08T20:35:48","guid":{"rendered":"https:\/\/tambopatahostel.com\/es\/?post_type=product&#038;p=4396"},"modified":"2024-05-28T11:56:57","modified_gmt":"2024-05-28T16:56:57","slug":"tours-de-pesca-en-tambopata","status":"publish","type":"product","link":"https:\/\/tambopatahostel.com\/es\/tour-item\/tours-de-pesca-en-tambopata\/","title":{"rendered":"TOURS DE PESCA EN TAMBOPATA"},"content":{"rendered":"<div class=\"fusion-fullwidth fullwidth-box fusion-builder-row-1 fusion-flex-container has-pattern-background has-mask-background nonhundred-percent-fullwidth non-hundred-percent-height-scrolling\" style=\"--awb-border-radius-top-left:0px;--awb-border-radius-top-right:0px;--awb-border-radius-bottom-right:0px;--awb-border-radius-bottom-left:0px;--awb-flex-wrap:wrap;\" ><div class=\"fusion-builder-row fusion-row fusion-flex-align-items-flex-start fusion-flex-content-wrap\" style=\"max-width:1185.6px;margin-left: calc(-4% \/ 2 );margin-right: calc(-4% \/ 2 );\"><div class=\"fusion-layout-column fusion_builder_column fusion-builder-column-0 fusion_builder_column_1_1 1_1 fusion-flex-column\" style=\"--awb-bg-size:cover;--awb-width-large:100%;--awb-margin-top-large:0px;--awb-spacing-right-large:1.92%;--awb-margin-bottom-large:20px;--awb-spacing-left-large:1.92%;--awb-width-medium:100%;--awb-order-medium:0;--awb-spacing-right-medium:1.92%;--awb-spacing-left-medium:1.92%;--awb-width-small:100%;--awb-order-small:0;--awb-spacing-right-small:1.92%;--awb-spacing-left-small:1.92%;\"><div class=\"fusion-column-wrapper fusion-column-has-shadow fusion-flex-justify-content-flex-start fusion-content-layout-column\"><div class=\"fusion-text fusion-text-1\"><h3>La Pesca:<\/h3>\n<p>Las aguas del r\u00edo Tambopata nos ofrecen una variedad de peces como Payaras, Pacu (Pira\u00f1a Gigante), Bagres (Zungaros, Piros, Surubim, etc.) Generalmente pescamos Payara con aparejos de spinning y casting. Hay muchas rocas volc\u00e1nicas negras en el r\u00edo y los Payara cazan sardinas muy cerca de la orilla. La t\u00e9cnica consiste en lanzar desde las rocas se\u00f1uelos como el rapala&#8217;s magnum o el sliver, el rebel fast track o el jawbreaker.<\/p>\n<p>Pacos s\u00f3lo pescaba frutas y carne de pescado, por lo que utilizaba sardinas como cebo y anzuelos y pesas con hilos multifilamento en los carretes. Son realmente fuertes.<\/p>\n<p>Usamos la misma t\u00e9cnica con todos los bagres.<\/p>\n<p>Para un t\u00edpico tour de pesca en Per\u00fa, un pescador deportivo necesita un buen par de botas, camisetas, gorra, chaqueta cortavientos, una caja de cebo con cintur\u00f3n, una ca\u00f1a giratoria mediana de 7 pies para Payara, una ca\u00f1a medianamente pesada de 7 pies para Pacu y bagre. Diferentes se\u00f1uelos de hundimiento y curric\u00e1n, mucho cebo natural, anzuelos y pesas.<\/p>\n<h3>Temporada:<\/h3>\n<p>La temporada de pesca comienza a principios de julio y finaliza a finales de octubre. Los mejores meses son agosto, septiembre y octubre. No se recomienda luna llena.<\/p>\n<h3>El clima:<\/h3>\n<p>Clima seco y soleado de junio a octubre y extremadamente h\u00famedo durante la temporada de lluvias de noviembre a mayo.<\/p>\n<p style=\"text-align: center;\"><strong>\u00a1CU\u00c9NTANOS TU EXPECTATIVA Y DISE\u00d1AMOS UNA EXCURSI\u00d3N DE PESCA PARA TI!<\/strong><\/p>\n<\/div><\/div><\/div><div class=\"fusion-layout-column fusion_builder_column fusion-builder-column-1 fusion_builder_column_1_1 1_1 fusion-flex-column\" style=\"--awb-bg-size:cover;--awb-width-large:100%;--awb-margin-top-large:0px;--awb-spacing-right-large:1.92%;--awb-margin-bottom-large:20px;--awb-spacing-left-large:1.92%;--awb-width-medium:100%;--awb-order-medium:0;--awb-spacing-right-medium:1.92%;--awb-spacing-left-medium:1.92%;--awb-width-small:100%;--awb-order-small:0;--awb-spacing-right-small:1.92%;--awb-spacing-left-small:1.92%;\"><div class=\"fusion-column-wrapper fusion-column-has-shadow fusion-flex-justify-content-flex-start fusion-content-layout-column\"><div class=\"fusion-text fusion-text-2\"><div class=\"awb-gallery-wrapper awb-gallery-wrapper-1 button-span-no\" style=\"--more-btn-alignment:center;\"><div style=\"margin:-5px;--awb-bordersize:0px;--awb-columns-small:50%;\" class=\"fusion-gallery fusion-gallery-container fusion-grid-4 fusion-columns-total-4 fusion-gallery-layout-grid fusion-gallery-1\"><div style=\"padding:5px;\" class=\"fusion-grid-column fusion-gallery-column fusion-gallery-column-4 hover-type-none\"><div class=\"fusion-gallery-image\"><a href=\"https:\/\/tambopatahostel.com\/es\/wp-content\/uploads\/sites\/3\/2024\/05\/tambopatainn_lodge.jpg\" rel=\"noreferrer\" data-rel=\"iLightbox[gallery_image_1]\" class=\"fusion-lightbox\" target=\"_self\"><img decoding=\"async\" src=\"https:\/\/tambopatahostel.com\/es\/wp-content\/uploads\/sites\/3\/2024\/05\/tambopatainn_lodge.jpg\" width=\"1920\" height=\"1080\" alt=\"\" title=\"tambopatainn_lodge\" aria-label=\"tambopatainn_lodge\" class=\"img-responsive wp-image-4248\" srcset=\"https:\/\/tambopatahostel.com\/es\/wp-content\/uploads\/sites\/3\/2024\/05\/tambopatainn_lodge-200x113.jpg 200w, https:\/\/tambopatahostel.com\/es\/wp-content\/uploads\/sites\/3\/2024\/05\/tambopatainn_lodge-400x225.jpg 400w, https:\/\/tambopatahostel.com\/es\/wp-content\/uploads\/sites\/3\/2024\/05\/tambopatainn_lodge-600x338.jpg 600w, https:\/\/tambopatahostel.com\/es\/wp-content\/uploads\/sites\/3\/2024\/05\/tambopatainn_lodge-800x450.jpg 800w, https:\/\/tambopatahostel.com\/es\/wp-content\/uploads\/sites\/3\/2024\/05\/tambopatainn_lodge-1200x675.jpg 1200w, https:\/\/tambopatahostel.com\/es\/wp-content\/uploads\/sites\/3\/2024\/05\/tambopatainn_lodge.jpg 1920w\" sizes=\"(min-width: 2200px) 100vw, (min-width: 856px) 281px, (min-width: 784px) 375px, (min-width: 712px) 563px, (min-width: 640px) 712px, \" \/><\/a><\/div><\/div><div style=\"padding:5px;\" class=\"fusion-grid-column fusion-gallery-column fusion-gallery-column-4 hover-type-none\"><div class=\"fusion-gallery-image\"><a href=\"https:\/\/tambopatahostel.com\/es\/wp-content\/uploads\/sites\/3\/2024\/05\/26.jpg\" rel=\"noreferrer\" data-rel=\"iLightbox[gallery_image_1]\" class=\"fusion-lightbox\" target=\"_self\"><img decoding=\"async\" src=\"https:\/\/tambopatahostel.com\/es\/wp-content\/uploads\/sites\/3\/2024\/05\/26.jpg\" width=\"1920\" height=\"1080\" alt=\"\" title=\"26\" aria-label=\"26\" class=\"img-responsive wp-image-4206\" srcset=\"https:\/\/tambopatahostel.com\/es\/wp-content\/uploads\/sites\/3\/2024\/05\/26-200x113.jpg 200w, https:\/\/tambopatahostel.com\/es\/wp-content\/uploads\/sites\/3\/2024\/05\/26-400x225.jpg 400w, https:\/\/tambopatahostel.com\/es\/wp-content\/uploads\/sites\/3\/2024\/05\/26-600x338.jpg 600w, https:\/\/tambopatahostel.com\/es\/wp-content\/uploads\/sites\/3\/2024\/05\/26-800x450.jpg 800w, https:\/\/tambopatahostel.com\/es\/wp-content\/uploads\/sites\/3\/2024\/05\/26-1200x675.jpg 1200w, https:\/\/tambopatahostel.com\/es\/wp-content\/uploads\/sites\/3\/2024\/05\/26.jpg 1920w\" sizes=\"(min-width: 2200px) 100vw, (min-width: 856px) 281px, (min-width: 784px) 375px, (min-width: 712px) 563px, (min-width: 640px) 712px, \" \/><\/a><\/div><\/div><div style=\"padding:5px;\" class=\"fusion-grid-column fusion-gallery-column fusion-gallery-column-4 hover-type-none\"><div class=\"fusion-gallery-image\"><a href=\"https:\/\/tambopatahostel.com\/es\/wp-content\/uploads\/sites\/3\/2019\/09\/DSCN6384.jpg\" rel=\"noreferrer\" data-rel=\"iLightbox[gallery_image_1]\" class=\"fusion-lightbox\" target=\"_self\"><img decoding=\"async\" src=\"https:\/\/tambopatahostel.com\/es\/wp-content\/uploads\/sites\/3\/2019\/09\/DSCN6384.jpg\" width=\"1500\" height=\"1125\" alt=\"\" title=\"DSCN6384\" aria-label=\"DSCN6384\" class=\"img-responsive wp-image-4071\" srcset=\"https:\/\/tambopatahostel.com\/es\/wp-content\/uploads\/sites\/3\/2019\/09\/DSCN6384-200x150.jpg 200w, https:\/\/tambopatahostel.com\/es\/wp-content\/uploads\/sites\/3\/2019\/09\/DSCN6384-400x300.jpg 400w, https:\/\/tambopatahostel.com\/es\/wp-content\/uploads\/sites\/3\/2019\/09\/DSCN6384-600x450.jpg 600w, https:\/\/tambopatahostel.com\/es\/wp-content\/uploads\/sites\/3\/2019\/09\/DSCN6384-800x600.jpg 800w, https:\/\/tambopatahostel.com\/es\/wp-content\/uploads\/sites\/3\/2019\/09\/DSCN6384-1200x900.jpg 1200w, https:\/\/tambopatahostel.com\/es\/wp-content\/uploads\/sites\/3\/2019\/09\/DSCN6384.jpg 1500w\" sizes=\"(min-width: 2200px) 100vw, (min-width: 856px) 281px, (min-width: 784px) 375px, (min-width: 712px) 563px, (min-width: 640px) 712px, \" \/><\/a><\/div><\/div><div style=\"padding:5px;\" class=\"fusion-grid-column fusion-gallery-column fusion-gallery-column-4 hover-type-none\"><div class=\"fusion-gallery-image\"><a href=\"https:\/\/tambopatahostel.com\/es\/wp-content\/uploads\/sites\/3\/2024\/05\/DSC0774-1.jpg\" rel=\"noreferrer\" data-rel=\"iLightbox[gallery_image_1]\" class=\"fusion-lightbox\" target=\"_self\"><img decoding=\"async\" src=\"https:\/\/tambopatahostel.com\/es\/wp-content\/uploads\/sites\/3\/2024\/05\/DSC0774-1.jpg\" width=\"1920\" height=\"1080\" alt=\"\" title=\"_DSC0774\" aria-label=\"_DSC0774\" class=\"img-responsive wp-image-4666\" srcset=\"https:\/\/tambopatahostel.com\/es\/wp-content\/uploads\/sites\/3\/2024\/05\/DSC0774-1-200x113.jpg 200w, https:\/\/tambopatahostel.com\/es\/wp-content\/uploads\/sites\/3\/2024\/05\/DSC0774-1-400x225.jpg 400w, https:\/\/tambopatahostel.com\/es\/wp-content\/uploads\/sites\/3\/2024\/05\/DSC0774-1-600x338.jpg 600w, https:\/\/tambopatahostel.com\/es\/wp-content\/uploads\/sites\/3\/2024\/05\/DSC0774-1-800x450.jpg 800w, https:\/\/tambopatahostel.com\/es\/wp-content\/uploads\/sites\/3\/2024\/05\/DSC0774-1-1200x675.jpg 1200w, https:\/\/tambopatahostel.com\/es\/wp-content\/uploads\/sites\/3\/2024\/05\/DSC0774-1.jpg 1920w\" sizes=\"(min-width: 2200px) 100vw, (min-width: 856px) 281px, (min-width: 784px) 375px, (min-width: 712px) 563px, (min-width: 640px) 712px, \" \/><\/a><\/div><\/div><div class=\"clearfix\"><\/div><\/div><\/div>\n<\/div><\/div><\/div><\/div><\/div>\n","protected":false},"excerpt":{"rendered":"","protected":false},"featured_media":4667,"comment_status":"open","ping_status":"closed","template":"","meta":[],"product_brand":[],"product_cat":[29],"product_tag":[],"class_list":{"0":"post-4396","1":"product","2":"type-product","3":"status-publish","4":"has-post-thumbnail","6":"product_cat-tours-especializados","8":"first","9":"instock","10":"taxable","11":"shipping-taxable","12":"product-type-simple"},"yoast_head":"<!-- This site is optimized with the Yoast SEO plugin v25.9 - https:\/\/yoast.com\/wordpress\/plugins\/seo\/ -->\n<title>TOURS DE PESCA EN TAMBOPATA - hotel tambopata<\/title>\n<meta name=\"robots\" content=\"index, follow, max-snippet:-1, max-image-preview:large, max-video-preview:-1\" \/>\n<link rel=\"canonical\" href=\"https:\/\/tambopatahostel.com\/es\/tour-item\/tours-de-pesca-en-tambopata\/\" \/>\n<meta property=\"og:locale\" content=\"es_ES\" \/>\n<meta property=\"og:type\" content=\"article\" \/>\n<meta property=\"og:title\" content=\"TOURS DE PESCA EN TAMBOPATA - hotel tambopata\" \/>\n<meta property=\"og:url\" content=\"https:\/\/tambopatahostel.com\/es\/tour-item\/tours-de-pesca-en-tambopata\/\" \/>\n<meta property=\"og:site_name\" content=\"hotel tambopata\" \/>\n<meta property=\"article:modified_time\" content=\"2024-05-28T16:56:57+00:00\" \/>\n<meta property=\"og:image\" content=\"https:\/\/tambopatahostel.com\/es\/wp-content\/uploads\/sites\/3\/2024\/05\/DSC0795-1.jpg\" \/>\n\t<meta property=\"og:image:width\" content=\"1920\" \/>\n\t<meta property=\"og:image:height\" content=\"1080\" \/>\n\t<meta property=\"og:image:type\" content=\"image\/jpeg\" \/>\n<meta name=\"twitter:card\" content=\"summary_large_image\" \/>\n<meta name=\"twitter:label1\" content=\"Tiempo de lectura\" \/>\n\t<meta name=\"twitter:data1\" content=\"2 minutos\" \/>\n<script type=\"application\/ld+json\" class=\"yoast-schema-graph\">{\"@context\":\"https:\/\/schema.org\",\"@graph\":[{\"@type\":\"WebPage\",\"@id\":\"https:\/\/tambopatahostel.com\/es\/tour-item\/tours-de-pesca-en-tambopata\/\",\"url\":\"https:\/\/tambopatahostel.com\/es\/tour-item\/tours-de-pesca-en-tambopata\/\",\"name\":\"TOURS DE PESCA EN TAMBOPATA - hotel tambopata\",\"isPartOf\":{\"@id\":\"https:\/\/tambopatahostel.com\/es\/#website\"},\"primaryImageOfPage\":{\"@id\":\"https:\/\/tambopatahostel.com\/es\/tour-item\/tours-de-pesca-en-tambopata\/#primaryimage\"},\"image\":{\"@id\":\"https:\/\/tambopatahostel.com\/es\/tour-item\/tours-de-pesca-en-tambopata\/#primaryimage\"},\"thumbnailUrl\":\"https:\/\/tambopatahostel.com\/es\/wp-content\/uploads\/sites\/3\/2024\/05\/DSC0795-1.jpg\",\"datePublished\":\"2024-05-08T20:35:48+00:00\",\"dateModified\":\"2024-05-28T16:56:57+00:00\",\"breadcrumb\":{\"@id\":\"https:\/\/tambopatahostel.com\/es\/tour-item\/tours-de-pesca-en-tambopata\/#breadcrumb\"},\"inLanguage\":\"es\",\"potentialAction\":[{\"@type\":\"ReadAction\",\"target\":[\"https:\/\/tambopatahostel.com\/es\/tour-item\/tours-de-pesca-en-tambopata\/\"]}]},{\"@type\":\"ImageObject\",\"inLanguage\":\"es\",\"@id\":\"https:\/\/tambopatahostel.com\/es\/tour-item\/tours-de-pesca-en-tambopata\/#primaryimage\",\"url\":\"https:\/\/tambopatahostel.com\/es\/wp-content\/uploads\/sites\/3\/2024\/05\/DSC0795-1.jpg\",\"contentUrl\":\"https:\/\/tambopatahostel.com\/es\/wp-content\/uploads\/sites\/3\/2024\/05\/DSC0795-1.jpg\",\"width\":1920,\"height\":1080},{\"@type\":\"BreadcrumbList\",\"@id\":\"https:\/\/tambopatahostel.com\/es\/tour-item\/tours-de-pesca-en-tambopata\/#breadcrumb\",\"itemListElement\":[{\"@type\":\"ListItem\",\"position\":1,\"name\":\"Home\",\"item\":\"https:\/\/tambopatahostel.com\/es\/\"},{\"@type\":\"ListItem\",\"position\":2,\"name\":\"Tienda\",\"item\":\"https:\/\/tambopatahostel.com\/es\/tienda\/\"},{\"@type\":\"ListItem\",\"position\":3,\"name\":\"TOURS DE PESCA EN TAMBOPATA\"}]},{\"@type\":\"WebSite\",\"@id\":\"https:\/\/tambopatahostel.com\/es\/#website\",\"url\":\"https:\/\/tambopatahostel.com\/es\/\",\"name\":\"hotel tambopata\",\"description\":\"Un viaje que deja un mundo mejor\",\"potentialAction\":[{\"@type\":\"SearchAction\",\"target\":{\"@type\":\"EntryPoint\",\"urlTemplate\":\"https:\/\/tambopatahostel.com\/es\/?s={search_term_string}\"},\"query-input\":{\"@type\":\"PropertyValueSpecification\",\"valueRequired\":true,\"valueName\":\"search_term_string\"}}],\"inLanguage\":\"es\"}]}<\/script>\n<!-- \/ Yoast SEO plugin. -->","yoast_head_json":{"title":"TOURS DE PESCA EN TAMBOPATA - hotel tambopata","robots":{"index":"index","follow":"follow","max-snippet":"max-snippet:-1","max-image-preview":"max-image-preview:large","max-video-preview":"max-video-preview:-1"},"canonical":"https:\/\/tambopatahostel.com\/es\/tour-item\/tours-de-pesca-en-tambopata\/","og_locale":"es_ES","og_type":"article","og_title":"TOURS DE PESCA EN TAMBOPATA - hotel tambopata","og_url":"https:\/\/tambopatahostel.com\/es\/tour-item\/tours-de-pesca-en-tambopata\/","og_site_name":"hotel tambopata","article_modified_time":"2024-05-28T16:56:57+00:00","og_image":[{"width":1920,"height":1080,"url":"https:\/\/tambopatahostel.com\/es\/wp-content\/uploads\/sites\/3\/2024\/05\/DSC0795-1.jpg","type":"image\/jpeg"}],"twitter_card":"summary_large_image","twitter_misc":{"Tiempo de lectura":"2 minutos"},"schema":{"@context":"https:\/\/schema.org","@graph":[{"@type":"WebPage","@id":"https:\/\/tambopatahostel.com\/es\/tour-item\/tours-de-pesca-en-tambopata\/","url":"https:\/\/tambopatahostel.com\/es\/tour-item\/tours-de-pesca-en-tambopata\/","name":"TOURS DE PESCA EN TAMBOPATA - hotel tambopata","isPartOf":{"@id":"https:\/\/tambopatahostel.com\/es\/#website"},"primaryImageOfPage":{"@id":"https:\/\/tambopatahostel.com\/es\/tour-item\/tours-de-pesca-en-tambopata\/#primaryimage"},"image":{"@id":"https:\/\/tambopatahostel.com\/es\/tour-item\/tours-de-pesca-en-tambopata\/#primaryimage"},"thumbnailUrl":"https:\/\/tambopatahostel.com\/es\/wp-content\/uploads\/sites\/3\/2024\/05\/DSC0795-1.jpg","datePublished":"2024-05-08T20:35:48+00:00","dateModified":"2024-05-28T16:56:57+00:00","breadcrumb":{"@id":"https:\/\/tambopatahostel.com\/es\/tour-item\/tours-de-pesca-en-tambopata\/#breadcrumb"},"inLanguage":"es","potentialAction":[{"@type":"ReadAction","target":["https:\/\/tambopatahostel.com\/es\/tour-item\/tours-de-pesca-en-tambopata\/"]}]},{"@type":"ImageObject","inLanguage":"es","@id":"https:\/\/tambopatahostel.com\/es\/tour-item\/tours-de-pesca-en-tambopata\/#primaryimage","url":"https:\/\/tambopatahostel.com\/es\/wp-content\/uploads\/sites\/3\/2024\/05\/DSC0795-1.jpg","contentUrl":"https:\/\/tambopatahostel.com\/es\/wp-content\/uploads\/sites\/3\/2024\/05\/DSC0795-1.jpg","width":1920,"height":1080},{"@type":"BreadcrumbList","@id":"https:\/\/tambopatahostel.com\/es\/tour-item\/tours-de-pesca-en-tambopata\/#breadcrumb","itemListElement":[{"@type":"ListItem","position":1,"name":"Home","item":"https:\/\/tambopatahostel.com\/es\/"},{"@type":"ListItem","position":2,"name":"Tienda","item":"https:\/\/tambopatahostel.com\/es\/tienda\/"},{"@type":"ListItem","position":3,"name":"TOURS DE PESCA EN TAMBOPATA"}]},{"@type":"WebSite","@id":"https:\/\/tambopatahostel.com\/es\/#website","url":"https:\/\/tambopatahostel.com\/es\/","name":"hotel tambopata","description":"Un viaje que deja un mundo mejor","potentialAction":[{"@type":"SearchAction","target":{"@type":"EntryPoint","urlTemplate":"https:\/\/tambopatahostel.com\/es\/?s={search_term_string}"},"query-input":{"@type":"PropertyValueSpecification","valueRequired":true,"valueName":"search_term_string"}}],"inLanguage":"es"}]}},"_links":{"self":[{"href":"https:\/\/tambopatahostel.com\/es\/wp-json\/wp\/v2\/product\/4396","targetHints":{"allow":["GET"]}}],"collection":[{"href":"https:\/\/tambopatahostel.com\/es\/wp-json\/wp\/v2\/product"}],"about":[{"href":"https:\/\/tambopatahostel.com\/es\/wp-json\/wp\/v2\/types\/product"}],"replies":[{"embeddable":true,"href":"https:\/\/tambopatahostel.com\/es\/wp-json\/wp\/v2\/comments?post=4396"}],"wp:featuredmedia":[{"embeddable":true,"href":"https:\/\/tambopatahostel.com\/es\/wp-json\/wp\/v2\/media\/4667"}],"wp:attachment":[{"href":"https:\/\/tambopatahostel.com\/es\/wp-json\/wp\/v2\/media?parent=4396"}],"wp:term":[{"taxonomy":"product_brand","embeddable":true,"href":"https:\/\/tambopatahostel.com\/es\/wp-json\/wp\/v2\/product_brand?post=4396"},{"taxonomy":"product_cat","embeddable":true,"href":"https:\/\/tambopatahostel.com\/es\/wp-json\/wp\/v2\/product_cat?post=4396"},{"taxonomy":"product_tag","embeddable":true,"href":"https:\/\/tambopatahostel.com\/es\/wp-json\/wp\/v2\/product_tag?post=4396"}],"curies":[{"name":"wp","href":"https:\/\/api.w.org\/{rel}","templated":true}]}}