{"id":4406,"date":"2024-05-08T16:42:31","date_gmt":"2024-05-08T21:42:31","guid":{"rendered":"https:\/\/tambopatahostel.com\/es\/?post_type=product&#038;p=4406"},"modified":"2024-05-28T11:51:53","modified_gmt":"2024-05-28T16:51:53","slug":"los-pasos-del-jaguar","status":"publish","type":"product","link":"https:\/\/tambopatahostel.com\/es\/tour-item\/los-pasos-del-jaguar\/","title":{"rendered":"LOS PASOS DEL JAGUAR"},"content":{"rendered":"<div class=\"fusion-fullwidth fullwidth-box fusion-builder-row-1 fusion-flex-container has-pattern-background has-mask-background nonhundred-percent-fullwidth non-hundred-percent-height-scrolling\" style=\"--awb-border-radius-top-left:0px;--awb-border-radius-top-right:0px;--awb-border-radius-bottom-right:0px;--awb-border-radius-bottom-left:0px;--awb-flex-wrap:wrap;\" ><div class=\"fusion-builder-row fusion-row fusion-flex-align-items-flex-start fusion-flex-content-wrap\" style=\"max-width:1185.6px;margin-left: calc(-4% \/ 2 );margin-right: calc(-4% \/ 2 );\"><div class=\"fusion-layout-column fusion_builder_column fusion-builder-column-0 fusion_builder_column_1_1 1_1 fusion-flex-column\" style=\"--awb-bg-size:cover;--awb-width-large:100%;--awb-margin-top-large:0px;--awb-spacing-right-large:1.92%;--awb-margin-bottom-large:20px;--awb-spacing-left-large:1.92%;--awb-width-medium:100%;--awb-order-medium:0;--awb-spacing-right-medium:1.92%;--awb-spacing-left-medium:1.92%;--awb-width-small:100%;--awb-order-small:0;--awb-spacing-right-small:1.92%;--awb-spacing-left-small:1.92%;\"><div class=\"fusion-column-wrapper fusion-column-has-shadow fusion-flex-justify-content-flex-start fusion-content-layout-column\"><div class=\"fusion-text fusion-text-1\"><p>El mejor lugar para buscar jaguares es a lo largo del r\u00edo Tambopata al anochecer y al bajar\u2026 el mejor momento es en la estaci\u00f3n seca, el a\u00f1o pasado hemos visto que hemos visto el 30 % de las veces que los hemos estado buscando. Es muy impredecible pero creemos que podemos hacer un buen desaf\u00edo con nuestros gu\u00edas locales de Tambopata.<\/p>\n<p style=\"text-align: center;\"><strong>\u00a1POR FAVOR, CU\u00c9NTANOS TU EXPECTATIVA Y DISE\u00d1AMOS UNA EXCURSI\u00d3N A LA SELVA PARA TI!<\/strong><\/p>\n<\/div><div class=\"fusion-text fusion-text-2\"><div class=\"awb-gallery-wrapper awb-gallery-wrapper-1 button-span-no\" style=\"--more-btn-alignment:center;\"><div style=\"margin:-5px;--awb-bordersize:0px;\" class=\"fusion-gallery fusion-gallery-container fusion-grid-3 fusion-columns-total-2 fusion-gallery-layout-grid fusion-gallery-1\"><div style=\"padding:5px;\" class=\"fusion-grid-column fusion-gallery-column fusion-gallery-column-3 hover-type-none\"><div class=\"fusion-gallery-image\"><a href=\"https:\/\/tambopatahostel.com\/es\/wp-content\/uploads\/sites\/3\/2024\/05\/jaguar_tambopatainn2.jpg\" rel=\"noreferrer\" data-rel=\"iLightbox[gallery_image_1]\" class=\"fusion-lightbox\" target=\"_self\"><img decoding=\"async\" src=\"https:\/\/tambopatahostel.com\/es\/wp-content\/uploads\/sites\/3\/2024\/05\/jaguar_tambopatainn2.jpg\" width=\"1920\" height=\"1080\" alt=\"\" title=\"jaguar_tambopatainn2\" aria-label=\"jaguar_tambopatainn2\" class=\"img-responsive wp-image-4235\" srcset=\"https:\/\/tambopatahostel.com\/es\/wp-content\/uploads\/sites\/3\/2024\/05\/jaguar_tambopatainn2-200x113.jpg 200w, https:\/\/tambopatahostel.com\/es\/wp-content\/uploads\/sites\/3\/2024\/05\/jaguar_tambopatainn2-400x225.jpg 400w, https:\/\/tambopatahostel.com\/es\/wp-content\/uploads\/sites\/3\/2024\/05\/jaguar_tambopatainn2-600x338.jpg 600w, https:\/\/tambopatahostel.com\/es\/wp-content\/uploads\/sites\/3\/2024\/05\/jaguar_tambopatainn2-800x450.jpg 800w, https:\/\/tambopatahostel.com\/es\/wp-content\/uploads\/sites\/3\/2024\/05\/jaguar_tambopatainn2-1200x675.jpg 1200w, https:\/\/tambopatahostel.com\/es\/wp-content\/uploads\/sites\/3\/2024\/05\/jaguar_tambopatainn2.jpg 1920w\" sizes=\"(min-width: 2200px) 100vw, (min-width: 784px) 377px, (min-width: 712px) 565px, (min-width: 640px) 712px, \" \/><\/a><\/div><\/div><div style=\"padding:5px;\" class=\"fusion-grid-column fusion-gallery-column fusion-gallery-column-3 hover-type-none\"><div class=\"fusion-gallery-image\"><a href=\"https:\/\/tambopatahostel.com\/es\/wp-content\/uploads\/sites\/3\/2024\/05\/jaguar_tambopatainn1.jpg\" rel=\"noreferrer\" data-rel=\"iLightbox[gallery_image_1]\" class=\"fusion-lightbox\" target=\"_self\"><img decoding=\"async\" src=\"https:\/\/tambopatahostel.com\/es\/wp-content\/uploads\/sites\/3\/2024\/05\/jaguar_tambopatainn1.jpg\" width=\"1920\" height=\"1080\" alt=\"\" title=\"jaguar_tambopatainn1\" aria-label=\"jaguar_tambopatainn1\" class=\"img-responsive wp-image-4234\" srcset=\"https:\/\/tambopatahostel.com\/es\/wp-content\/uploads\/sites\/3\/2024\/05\/jaguar_tambopatainn1-200x113.jpg 200w, https:\/\/tambopatahostel.com\/es\/wp-content\/uploads\/sites\/3\/2024\/05\/jaguar_tambopatainn1-400x225.jpg 400w, https:\/\/tambopatahostel.com\/es\/wp-content\/uploads\/sites\/3\/2024\/05\/jaguar_tambopatainn1-600x338.jpg 600w, https:\/\/tambopatahostel.com\/es\/wp-content\/uploads\/sites\/3\/2024\/05\/jaguar_tambopatainn1-800x450.jpg 800w, https:\/\/tambopatahostel.com\/es\/wp-content\/uploads\/sites\/3\/2024\/05\/jaguar_tambopatainn1-1200x675.jpg 1200w, https:\/\/tambopatahostel.com\/es\/wp-content\/uploads\/sites\/3\/2024\/05\/jaguar_tambopatainn1.jpg 1920w\" sizes=\"(min-width: 2200px) 100vw, (min-width: 784px) 377px, (min-width: 712px) 565px, (min-width: 640px) 712px, \" \/><\/a><\/div><\/div><\/div><\/div>\n<\/div><\/div><\/div><\/div><\/div>\n","protected":false},"excerpt":{"rendered":"","protected":false},"featured_media":4236,"comment_status":"open","ping_status":"closed","template":"","meta":[],"product_brand":[],"product_cat":[29],"product_tag":[],"class_list":{"0":"post-4406","1":"product","2":"type-product","3":"status-publish","4":"has-post-thumbnail","6":"product_cat-tours-especializados","8":"first","9":"instock","10":"taxable","11":"shipping-taxable","12":"product-type-simple"},"yoast_head":"<!-- This site is optimized with the Yoast SEO plugin v25.9 - https:\/\/yoast.com\/wordpress\/plugins\/seo\/ -->\n<title>LOS PASOS DEL JAGUAR - hotel tambopata<\/title>\n<meta name=\"robots\" content=\"index, follow, max-snippet:-1, max-image-preview:large, max-video-preview:-1\" \/>\n<link rel=\"canonical\" href=\"https:\/\/tambopatahostel.com\/es\/tour-item\/los-pasos-del-jaguar\/\" \/>\n<meta property=\"og:locale\" content=\"es_ES\" \/>\n<meta property=\"og:type\" content=\"article\" \/>\n<meta property=\"og:title\" content=\"LOS PASOS DEL JAGUAR - hotel tambopata\" \/>\n<meta property=\"og:url\" content=\"https:\/\/tambopatahostel.com\/es\/tour-item\/los-pasos-del-jaguar\/\" \/>\n<meta property=\"og:site_name\" content=\"hotel tambopata\" \/>\n<meta property=\"article:modified_time\" content=\"2024-05-28T16:51:53+00:00\" \/>\n<meta property=\"og:image\" content=\"https:\/\/tambopatahostel.com\/es\/wp-content\/uploads\/sites\/3\/2024\/05\/jaguar_tambopatainn3.jpg\" \/>\n\t<meta property=\"og:image:width\" content=\"1920\" \/>\n\t<meta property=\"og:image:height\" content=\"1080\" \/>\n\t<meta property=\"og:image:type\" content=\"image\/jpeg\" \/>\n<meta name=\"twitter:card\" content=\"summary_large_image\" \/>\n<meta name=\"twitter:label1\" content=\"Tiempo de lectura\" \/>\n\t<meta name=\"twitter:data1\" content=\"1 minuto\" \/>\n<script type=\"application\/ld+json\" class=\"yoast-schema-graph\">{\"@context\":\"https:\/\/schema.org\",\"@graph\":[{\"@type\":\"WebPage\",\"@id\":\"https:\/\/tambopatahostel.com\/es\/tour-item\/los-pasos-del-jaguar\/\",\"url\":\"https:\/\/tambopatahostel.com\/es\/tour-item\/los-pasos-del-jaguar\/\",\"name\":\"LOS PASOS DEL JAGUAR - hotel tambopata\",\"isPartOf\":{\"@id\":\"https:\/\/tambopatahostel.com\/es\/#website\"},\"primaryImageOfPage\":{\"@id\":\"https:\/\/tambopatahostel.com\/es\/tour-item\/los-pasos-del-jaguar\/#primaryimage\"},\"image\":{\"@id\":\"https:\/\/tambopatahostel.com\/es\/tour-item\/los-pasos-del-jaguar\/#primaryimage\"},\"thumbnailUrl\":\"https:\/\/tambopatahostel.com\/es\/wp-content\/uploads\/sites\/3\/2024\/05\/jaguar_tambopatainn3.jpg\",\"datePublished\":\"2024-05-08T21:42:31+00:00\",\"dateModified\":\"2024-05-28T16:51:53+00:00\",\"breadcrumb\":{\"@id\":\"https:\/\/tambopatahostel.com\/es\/tour-item\/los-pasos-del-jaguar\/#breadcrumb\"},\"inLanguage\":\"es\",\"potentialAction\":[{\"@type\":\"ReadAction\",\"target\":[\"https:\/\/tambopatahostel.com\/es\/tour-item\/los-pasos-del-jaguar\/\"]}]},{\"@type\":\"ImageObject\",\"inLanguage\":\"es\",\"@id\":\"https:\/\/tambopatahostel.com\/es\/tour-item\/los-pasos-del-jaguar\/#primaryimage\",\"url\":\"https:\/\/tambopatahostel.com\/es\/wp-content\/uploads\/sites\/3\/2024\/05\/jaguar_tambopatainn3.jpg\",\"contentUrl\":\"https:\/\/tambopatahostel.com\/es\/wp-content\/uploads\/sites\/3\/2024\/05\/jaguar_tambopatainn3.jpg\",\"width\":1920,\"height\":1080},{\"@type\":\"BreadcrumbList\",\"@id\":\"https:\/\/tambopatahostel.com\/es\/tour-item\/los-pasos-del-jaguar\/#breadcrumb\",\"itemListElement\":[{\"@type\":\"ListItem\",\"position\":1,\"name\":\"Home\",\"item\":\"https:\/\/tambopatahostel.com\/es\/\"},{\"@type\":\"ListItem\",\"position\":2,\"name\":\"Tienda\",\"item\":\"https:\/\/tambopatahostel.com\/es\/tienda\/\"},{\"@type\":\"ListItem\",\"position\":3,\"name\":\"LOS PASOS DEL JAGUAR\"}]},{\"@type\":\"WebSite\",\"@id\":\"https:\/\/tambopatahostel.com\/es\/#website\",\"url\":\"https:\/\/tambopatahostel.com\/es\/\",\"name\":\"hotel tambopata\",\"description\":\"Un viaje que deja un mundo mejor\",\"potentialAction\":[{\"@type\":\"SearchAction\",\"target\":{\"@type\":\"EntryPoint\",\"urlTemplate\":\"https:\/\/tambopatahostel.com\/es\/?s={search_term_string}\"},\"query-input\":{\"@type\":\"PropertyValueSpecification\",\"valueRequired\":true,\"valueName\":\"search_term_string\"}}],\"inLanguage\":\"es\"}]}<\/script>\n<!-- \/ Yoast SEO plugin. -->","yoast_head_json":{"title":"LOS PASOS DEL JAGUAR - hotel tambopata","robots":{"index":"index","follow":"follow","max-snippet":"max-snippet:-1","max-image-preview":"max-image-preview:large","max-video-preview":"max-video-preview:-1"},"canonical":"https:\/\/tambopatahostel.com\/es\/tour-item\/los-pasos-del-jaguar\/","og_locale":"es_ES","og_type":"article","og_title":"LOS PASOS DEL JAGUAR - hotel tambopata","og_url":"https:\/\/tambopatahostel.com\/es\/tour-item\/los-pasos-del-jaguar\/","og_site_name":"hotel tambopata","article_modified_time":"2024-05-28T16:51:53+00:00","og_image":[{"width":1920,"height":1080,"url":"https:\/\/tambopatahostel.com\/es\/wp-content\/uploads\/sites\/3\/2024\/05\/jaguar_tambopatainn3.jpg","type":"image\/jpeg"}],"twitter_card":"summary_large_image","twitter_misc":{"Tiempo de lectura":"1 minuto"},"schema":{"@context":"https:\/\/schema.org","@graph":[{"@type":"WebPage","@id":"https:\/\/tambopatahostel.com\/es\/tour-item\/los-pasos-del-jaguar\/","url":"https:\/\/tambopatahostel.com\/es\/tour-item\/los-pasos-del-jaguar\/","name":"LOS PASOS DEL JAGUAR - hotel tambopata","isPartOf":{"@id":"https:\/\/tambopatahostel.com\/es\/#website"},"primaryImageOfPage":{"@id":"https:\/\/tambopatahostel.com\/es\/tour-item\/los-pasos-del-jaguar\/#primaryimage"},"image":{"@id":"https:\/\/tambopatahostel.com\/es\/tour-item\/los-pasos-del-jaguar\/#primaryimage"},"thumbnailUrl":"https:\/\/tambopatahostel.com\/es\/wp-content\/uploads\/sites\/3\/2024\/05\/jaguar_tambopatainn3.jpg","datePublished":"2024-05-08T21:42:31+00:00","dateModified":"2024-05-28T16:51:53+00:00","breadcrumb":{"@id":"https:\/\/tambopatahostel.com\/es\/tour-item\/los-pasos-del-jaguar\/#breadcrumb"},"inLanguage":"es","potentialAction":[{"@type":"ReadAction","target":["https:\/\/tambopatahostel.com\/es\/tour-item\/los-pasos-del-jaguar\/"]}]},{"@type":"ImageObject","inLanguage":"es","@id":"https:\/\/tambopatahostel.com\/es\/tour-item\/los-pasos-del-jaguar\/#primaryimage","url":"https:\/\/tambopatahostel.com\/es\/wp-content\/uploads\/sites\/3\/2024\/05\/jaguar_tambopatainn3.jpg","contentUrl":"https:\/\/tambopatahostel.com\/es\/wp-content\/uploads\/sites\/3\/2024\/05\/jaguar_tambopatainn3.jpg","width":1920,"height":1080},{"@type":"BreadcrumbList","@id":"https:\/\/tambopatahostel.com\/es\/tour-item\/los-pasos-del-jaguar\/#breadcrumb","itemListElement":[{"@type":"ListItem","position":1,"name":"Home","item":"https:\/\/tambopatahostel.com\/es\/"},{"@type":"ListItem","position":2,"name":"Tienda","item":"https:\/\/tambopatahostel.com\/es\/tienda\/"},{"@type":"ListItem","position":3,"name":"LOS PASOS DEL JAGUAR"}]},{"@type":"WebSite","@id":"https:\/\/tambopatahostel.com\/es\/#website","url":"https:\/\/tambopatahostel.com\/es\/","name":"hotel tambopata","description":"Un viaje que deja un mundo mejor","potentialAction":[{"@type":"SearchAction","target":{"@type":"EntryPoint","urlTemplate":"https:\/\/tambopatahostel.com\/es\/?s={search_term_string}"},"query-input":{"@type":"PropertyValueSpecification","valueRequired":true,"valueName":"search_term_string"}}],"inLanguage":"es"}]}},"_links":{"self":[{"href":"https:\/\/tambopatahostel.com\/es\/wp-json\/wp\/v2\/product\/4406","targetHints":{"allow":["GET"]}}],"collection":[{"href":"https:\/\/tambopatahostel.com\/es\/wp-json\/wp\/v2\/product"}],"about":[{"href":"https:\/\/tambopatahostel.com\/es\/wp-json\/wp\/v2\/types\/product"}],"replies":[{"embeddable":true,"href":"https:\/\/tambopatahostel.com\/es\/wp-json\/wp\/v2\/comments?post=4406"}],"wp:featuredmedia":[{"embeddable":true,"href":"https:\/\/tambopatahostel.com\/es\/wp-json\/wp\/v2\/media\/4236"}],"wp:attachment":[{"href":"https:\/\/tambopatahostel.com\/es\/wp-json\/wp\/v2\/media?parent=4406"}],"wp:term":[{"taxonomy":"product_brand","embeddable":true,"href":"https:\/\/tambopatahostel.com\/es\/wp-json\/wp\/v2\/product_brand?post=4406"},{"taxonomy":"product_cat","embeddable":true,"href":"https:\/\/tambopatahostel.com\/es\/wp-json\/wp\/v2\/product_cat?post=4406"},{"taxonomy":"product_tag","embeddable":true,"href":"https:\/\/tambopatahostel.com\/es\/wp-json\/wp\/v2\/product_tag?post=4406"}],"curies":[{"name":"wp","href":"https:\/\/api.w.org\/{rel}","templated":true}]}}